{"id":315,"date":"2019-09-17T10:43:52","date_gmt":"2019-09-17T08:43:52","guid":{"rendered":"https:\/\/a-anders.de\/?page_id=315"},"modified":"2021-04-13T15:04:44","modified_gmt":"2021-04-13T13:04:44","slug":"kacheloefen","status":"publish","type":"page","link":"https:\/\/a-anders.de\/?page_id=315","title":{"rendered":"Kachel\u00f6fen und Grund\u00f6fen"},"content":{"rendered":"\n<h1>Der Kachelofen &#8211; jung geblieben und heute so aktuell wie vor 500 Jahren<\/h1>\n\n\n\n<figure class=\"wp-block-image size-large\"><img loading=\"lazy\" width=\"629\" height=\"1024\" src=\"https:\/\/a-anders.de\/wp-content\/uploads\/2019\/09\/Barockofen-629x1024.jpg\" alt=\"\" class=\"wp-image-524\" srcset=\"https:\/\/a-anders.de\/wp-content\/uploads\/2019\/09\/Barockofen-629x1024.jpg 629w, https:\/\/a-anders.de\/wp-content\/uploads\/2019\/09\/Barockofen-184x300.jpg 184w, https:\/\/a-anders.de\/wp-content\/uploads\/2019\/09\/Barockofen-768x1249.jpg 768w, https:\/\/a-anders.de\/wp-content\/uploads\/2019\/09\/Barockofen.jpg 1099w\" sizes=\"(max-width: 629px) 100vw, 629px\" \/><\/figure>\n\n\n\n<p>Es hat viele gute Gr\u00fcnde, wenn heute immer mehr energiebewu\u00dfte Hausbesitzer den Wunsch nach einem wirtschaftlichen Kachelofen \u00e4u\u00dfern. Denn der Kachelofen ist die \u00e4lteste Form einer sparsamen Heizung f\u00fcr einen und sogar mehrere R\u00e4ume. Sein Prinzip ist seit Jahrhunderten bew\u00e4hrt und seine Leistung und Wirtschaftlichkeit mu\u00df nicht mehr bewiesen werden. So kannten den Vorl\u00e4ufer unseres heutigen Kachelofens schon 2500 Jahre vor Christi die an den Seen und S\u00fcmpfen der Alpen und des s\u00fcddeutschen Alpenvorlandes lebenden Indogermanen. Bei diesen Ofen handelte es sich noch um walzenf\u00f6rmige Gebilde aus Steinen und Lehm, die zwar in der Hauptsache zum Backen dienten, nebenbei jedoch bereits die Aufgabe eines Heizger\u00e4tes erf\u00fcllten. So war es den Menschen gelungen, die fl\u00fcchtige Hitze offenen Feuers in langanhaltende, brennstoffsparende Strahlungsw\u00e4rme umzuwandeln. Die Bl\u00fctezeit des Kachelofens begann jedoch erst im 15. Jahrhundert mit dem Einsatz von Ofenkacheln. Sie verbesserten nicht nur die w\u00e4rmespendende Wirkung, sondern machten den Kachelofen von nun an zu einem beliebten Gestaltungsobjekt von Bildhauern und Malern.<\/p>\n\n\n\n<p>Durch diese Freiheit in der Gestaltung und seine hohe Anpassungsf\u00e4higkeit an die jeweilige r\u00e4umliche Umgebung wurde der Kachelofen mehr als nur ein W\u00e4rmespender. Er wurde zum Bauwerk, in dem sich die jeweilige Stilepoche widerspiegelte. Bis heute hat der Kachelofen von seinem hohen Wert als attraktiver Mittelpunkt behaglichen Wohnkomforts und Ausdruck individuellen Lebensstils nichts eingeb\u00fc\u00dft. So unbegrenzt wie die gestalterischen M\u00f6glichkeiten, die sicher keinen Wunsch offenlassen, sind aber auch die heiztechnischen Ausstattungen, durch die der Kachelofen jedem W\u00e4rmebedarf ma\u00dfgeschneidert angepa\u00dft werden kann. Selbstverst\u00e4ndlich hat auch hier der Kachelofen mit der allgemeinen technischen Entwicklung auf dem Heizsektor Schritt gehalten und ist heute eine \u00fcberaus ebenb\u00fcrtige Alternative zu den modernen Heizsystemen. Vor allem aber vermittelt nur der Kachelofen jene schon sprichw\u00f6rtliche Behaglichkeit und Atmosph\u00e4re, die durch nichts zu ersetzen ist.<\/p>\n\n\n\n<h1>Der Kachelofen &#8211; so vielseitig wie n\u00f6tig und so individuell wie gew\u00fcnscht<\/h1>\n\n\n\n<figure class=\"wp-block-image size-large\"><img loading=\"lazy\" width=\"768\" height=\"1024\" src=\"https:\/\/a-anders.de\/wp-content\/uploads\/2019\/09\/Anders-768x1024.jpg\" alt=\"Kachelkamin\" class=\"wp-image-470\" srcset=\"https:\/\/a-anders.de\/wp-content\/uploads\/2019\/09\/Anders-768x1024.jpg 768w, https:\/\/a-anders.de\/wp-content\/uploads\/2019\/09\/Anders-225x300.jpg 225w, https:\/\/a-anders.de\/wp-content\/uploads\/2019\/09\/Anders.jpg 1200w\" sizes=\"(max-width: 767px) 89vw, (max-width: 1000px) 54vw, (max-width: 1071px) 543px, 580px\" \/><figcaption>Kachelkamin<\/figcaption><\/figure>\n\n\n\n<p>Der Kachelofen ist ein extrem guter Energieverwerter. Alle Brennstoffe und Heizenergien, seien es nun Holz, Torf, Braunkohle, Steinkohle, Koks, \u00d6l oder Gas, werden optimal ausgenutzt. Dabei wird ein hoher feuerungstechnischer und Anlagenwirkungsgrad erzielt, da keine Anlagen- oder Bereitschaftsverluste entstehen.<\/p>\n\n\n\n<p>Ein Kachelofen oder eine Kachelofenheizung ist daher immer eine wirtschaftlich sinnvolle L\u00f6sung, egal, ob nur ein Raum oder mehrere R\u00e4ume beheizt werden sollen. F\u00fcr alle Aufgaben und f\u00fcr alle Energiearten stehen heute moderne und geeignete Heizeins\u00e4tze zur Verf\u00fcgung, die neben sparsamstem Energieverbrauch hohen Heizkomfort, einfache Handhabung und umweltfreundliche Verbrennung garantieren. Kachel\u00f6fen geben je nach Konstruktion und Bauweise die W\u00e4rme durch Strahlung oder Konfektion ab. Die W\u00e4rme der Kachelfl\u00e4che dringt dabei strahlenf\u00f6rmig in den Raum und wirkt \u00fcberall dort intensiv, wo sie auf feste K\u00f6rper, Menschen, M\u00f6bel oder W\u00e4nde, trifft. Da die Luft dabei angenehm temperiert bleibt, besteht ein behagliches, wohliges und gesundes Wohnklima. Man unterscheidet heute nach Bauart und Wirkungsweise zwischen den nachstehenden Kachelofen-Ausf\u00fchrungen:<\/p>\n\n\n\n<h3>Der Grundkachelofen<\/h3>\n\n\n\n<figure class=\"wp-block-image is-resized\"><a href=\"https:\/\/www.a-anders.de\/pics\/grundof.jpg\"><img loading=\"lazy\" src=\"https:\/\/www.a-anders.de\/kachelfen-Dateien\/7f6ac9281f.jpg\" alt=\"\" width=\"50\" height=\"51\"\/><\/a><\/figure>\n\n\n\n<p>Diese Ausf\u00fchrung des Kachelofens erhielt ihren Namen von dem urspr\u00fcnglich tief auf dem Boden (Grund) liegenden Feuerraum. Der Grundkachelofen eignet sich nur f\u00fcr die Verfeuerung langflammiger fester Brennstoffe wie zum Beispiel Holz, Braunkohle und Torf. Die bei der Verbrennung freiwerdende Energie wird durch keramische Heizgasz\u00fcge geleitet, von der gro\u00dfen Ofenmasse gespeichert und als Strahlungs- und Konvektionsw\u00e4rme \u00fcber die Kachelfl\u00e4che im niederen Temperaturbereich an den Raum abgegeben.<br><br><\/p>\n\n\n\n<h1>Der Warmluft-Kachelofen mit Metallheizgaszug<\/h1>\n\n\n\n<figure class=\"wp-block-image\"><a href=\"https:\/\/www.a-anders.de\/pics\/warmlm.jpg\"><img src=\"https:\/\/www.a-anders.de\/kachelfen-Dateien\/ce7eb05ae5.jpg\" alt=\"\"\/><\/a><\/figure>\n\n\n\n<p>Diese Bauart ist besonders f\u00fcr die Verbrennung kurzflammiger fester Brennstoffe und den Betrieb mit \u00d6l oder Gas geeignet. Die W\u00e4rmeabgabe erfolgt fast ausschlie\u00dflich durch Konvektionsw\u00e4rme \u00fcber einen speziellen Heizgaszug aus Stahlblech oder Gu\u00dfeisen. Die Luft wir in der Heizkammer zwischen Heizeinsatz, Heizgaszug und Kachelmantel aufgeheizt und \u00fcber Luftaustritte in die R\u00e4ume geleitet.<\/p>\n\n\n\n<h3>Der Warmluft-Kachelofen mit keramischem Heizgaszug<\/h3>\n\n\n\n<figure class=\"wp-block-image\"><a href=\"https:\/\/www.a-anders.de\/pics\/warmlker.jpg\"><img src=\"https:\/\/www.a-anders.de\/kachelfen-Dateien\/76be29ceb1.jpg\" alt=\"\"\/><\/a><\/figure>\n\n\n\n<p>Diese Kachelofenbauart vereinigt alle Vorz\u00fcge des Grundkachelofens und des Warmluft-Kachelofens auf hervorragende Weise. Zum einen wird die Konvektionsw\u00e4rme unmittelbar \u00fcber Luftaustritte in die R\u00e4ume geleitet. Gleichzeitig wird \u00fcber die Masse der keramischen Heizgasz\u00fcge die W\u00e4rme gespeichert und dann als Strahlungsw\u00e4rme \u00fcber die Kachelfl\u00e4che abgegeben.<\/p>\n\n\n\n<figure class=\"wp-block-gallery columns-3 is-cropped\"><ul class=\"blocks-gallery-grid\"><li class=\"blocks-gallery-item\"><figure><a href=\"https:\/\/a-anders.de\/wp-content\/uploads\/2019\/09\/PICT0054-1-768x1024.jpg\"><img loading=\"lazy\" width=\"768\" height=\"1024\" src=\"https:\/\/a-anders.de\/wp-content\/uploads\/2019\/09\/PICT0054-1-768x1024.jpg\" alt=\"\" data-id=\"478\" data-link=\"https:\/\/a-anders.de\/?attachment_id=478\" class=\"wp-image-478\" srcset=\"https:\/\/a-anders.de\/wp-content\/uploads\/2019\/09\/PICT0054-1-768x1024.jpg 768w, https:\/\/a-anders.de\/wp-content\/uploads\/2019\/09\/PICT0054-1-225x300.jpg 225w, https:\/\/a-anders.de\/wp-content\/uploads\/2019\/09\/PICT0054-1.jpg 1200w\" sizes=\"(max-width: 767px) 89vw, (max-width: 1000px) 54vw, (max-width: 1071px) 543px, 580px\" \/><\/a><figcaption class=\"blocks-gallery-item__caption\">Runder Kachelofen<\/figcaption><\/figure><\/li><li class=\"blocks-gallery-item\"><figure><a href=\"https:\/\/a-anders.de\/wp-content\/uploads\/2019\/09\/P1010554-683x1024.jpg\"><img loading=\"lazy\" width=\"683\" height=\"1024\" src=\"https:\/\/a-anders.de\/wp-content\/uploads\/2019\/09\/P1010554-683x1024.jpg\" alt=\"\" data-id=\"476\" data-link=\"https:\/\/a-anders.de\/?attachment_id=476\" class=\"wp-image-476\" srcset=\"https:\/\/a-anders.de\/wp-content\/uploads\/2019\/09\/P1010554-683x1024.jpg 683w, https:\/\/a-anders.de\/wp-content\/uploads\/2019\/09\/P1010554-200x300.jpg 200w, https:\/\/a-anders.de\/wp-content\/uploads\/2019\/09\/P1010554-768x1152.jpg 768w, https:\/\/a-anders.de\/wp-content\/uploads\/2019\/09\/P1010554.jpg 2048w\" sizes=\"(max-width: 683px) 100vw, 683px\" \/><\/a><figcaption class=\"blocks-gallery-item__caption\">Hamburger Kachelofen gro\u00df<\/figcaption><\/figure><\/li><li class=\"blocks-gallery-item\"><figure><a href=\"https:\/\/a-anders.de\/wp-content\/uploads\/2019\/09\/P1000799-683x1024.jpg\"><img loading=\"lazy\" width=\"683\" height=\"1024\" src=\"https:\/\/a-anders.de\/wp-content\/uploads\/2019\/09\/P1000799-683x1024.jpg\" alt=\"\" data-id=\"475\" data-link=\"https:\/\/a-anders.de\/?attachment_id=475\" class=\"wp-image-475\" srcset=\"https:\/\/a-anders.de\/wp-content\/uploads\/2019\/09\/P1000799-683x1024.jpg 683w, https:\/\/a-anders.de\/wp-content\/uploads\/2019\/09\/P1000799-200x300.jpg 200w, https:\/\/a-anders.de\/wp-content\/uploads\/2019\/09\/P1000799-768x1152.jpg 768w, https:\/\/a-anders.de\/wp-content\/uploads\/2019\/09\/P1000799.jpg 2048w\" sizes=\"(max-width: 683px) 100vw, 683px\" \/><\/a><figcaption class=\"blocks-gallery-item__caption\">Hamburger Kachelofen gro\u00df<\/figcaption><\/figure><\/li><li class=\"blocks-gallery-item\"><figure><a href=\"https:\/\/a-anders.de\/wp-content\/uploads\/2019\/09\/PICT0025-1024x768.jpg\"><img loading=\"lazy\" width=\"1024\" height=\"768\" src=\"https:\/\/a-anders.de\/wp-content\/uploads\/2019\/09\/PICT0025-1024x768.jpg\" alt=\"\" data-id=\"477\" data-link=\"https:\/\/a-anders.de\/?attachment_id=477\" class=\"wp-image-477\" srcset=\"https:\/\/a-anders.de\/wp-content\/uploads\/2019\/09\/PICT0025-1024x768.jpg 1024w, https:\/\/a-anders.de\/wp-content\/uploads\/2019\/09\/PICT0025-300x225.jpg 300w, https:\/\/a-anders.de\/wp-content\/uploads\/2019\/09\/PICT0025-768x576.jpg 768w, https:\/\/a-anders.de\/wp-content\/uploads\/2019\/09\/PICT0025.jpg 1600w\" sizes=\"(max-width: 767px) 89vw, (max-width: 1000px) 54vw, (max-width: 1071px) 543px, 580px\" \/><\/a><figcaption class=\"blocks-gallery-item__caption\">klassischer Kachelofen<\/figcaption><\/figure><\/li><li class=\"blocks-gallery-item\"><figure><a href=\"https:\/\/a-anders.de\/wp-content\/uploads\/2019\/09\/P1000791-683x1024.jpg\"><img loading=\"lazy\" width=\"683\" height=\"1024\" src=\"https:\/\/a-anders.de\/wp-content\/uploads\/2019\/09\/P1000791-683x1024.jpg\" alt=\"\" data-id=\"474\" data-link=\"https:\/\/a-anders.de\/?attachment_id=474\" class=\"wp-image-474\" srcset=\"https:\/\/a-anders.de\/wp-content\/uploads\/2019\/09\/P1000791-683x1024.jpg 683w, https:\/\/a-anders.de\/wp-content\/uploads\/2019\/09\/P1000791-200x300.jpg 200w, https:\/\/a-anders.de\/wp-content\/uploads\/2019\/09\/P1000791-768x1152.jpg 768w, https:\/\/a-anders.de\/wp-content\/uploads\/2019\/09\/P1000791.jpg 2048w\" sizes=\"(max-width: 683px) 100vw, 683px\" \/><\/a><figcaption class=\"blocks-gallery-item__caption\">antiker gr\u00fcner Kachelofen<\/figcaption><\/figure><\/li><li class=\"blocks-gallery-item\"><figure><a href=\"https:\/\/a-anders.de\/wp-content\/uploads\/2019\/09\/PICT0058-768x1024.jpg\"><img loading=\"lazy\" width=\"768\" height=\"1024\" src=\"https:\/\/a-anders.de\/wp-content\/uploads\/2019\/09\/PICT0058-768x1024.jpg\" alt=\"\" data-id=\"469\" data-link=\"https:\/\/a-anders.de\/?attachment_id=469\" class=\"wp-image-469\" srcset=\"https:\/\/a-anders.de\/wp-content\/uploads\/2019\/09\/PICT0058-768x1024.jpg 768w, https:\/\/a-anders.de\/wp-content\/uploads\/2019\/09\/PICT0058-225x300.jpg 225w, https:\/\/a-anders.de\/wp-content\/uploads\/2019\/09\/PICT0058.jpg 1200w\" sizes=\"(max-width: 767px) 89vw, (max-width: 1000px) 54vw, (max-width: 1071px) 543px, 580px\" \/><\/a><figcaption class=\"blocks-gallery-item__caption\">Schwedenofen<\/figcaption><\/figure><\/li><li class=\"blocks-gallery-item\"><figure><a href=\"https:\/\/a-anders.de\/wp-content\/uploads\/2019\/09\/DVC00170-768x1024.jpg\"><img loading=\"lazy\" width=\"768\" height=\"1024\" src=\"https:\/\/a-anders.de\/wp-content\/uploads\/2019\/09\/DVC00170-768x1024.jpg\" alt=\"\" data-id=\"471\" data-link=\"https:\/\/a-anders.de\/?attachment_id=471\" class=\"wp-image-471\" srcset=\"https:\/\/a-anders.de\/wp-content\/uploads\/2019\/09\/DVC00170-768x1024.jpg 768w, https:\/\/a-anders.de\/wp-content\/uploads\/2019\/09\/DVC00170-225x300.jpg 225w, https:\/\/a-anders.de\/wp-content\/uploads\/2019\/09\/DVC00170.jpg 864w\" sizes=\"(max-width: 767px) 89vw, (max-width: 1000px) 54vw, (max-width: 1071px) 543px, 580px\" \/><\/a><figcaption class=\"blocks-gallery-item__caption\">Aufsatzofen<\/figcaption><\/figure><\/li><li class=\"blocks-gallery-item\"><figure><a href=\"https:\/\/a-anders.de\/wp-content\/uploads\/2019\/09\/Bauernofen-1024x701.jpg\"><img loading=\"lazy\" width=\"1024\" height=\"701\" src=\"https:\/\/a-anders.de\/wp-content\/uploads\/2019\/09\/Bauernofen-1024x701.jpg\" alt=\"\" data-id=\"462\" data-link=\"https:\/\/a-anders.de\/?attachment_id=462\" class=\"wp-image-462\" srcset=\"https:\/\/a-anders.de\/wp-content\/uploads\/2019\/09\/Bauernofen-1024x701.jpg 1024w, https:\/\/a-anders.de\/wp-content\/uploads\/2019\/09\/Bauernofen-300x205.jpg 300w, https:\/\/a-anders.de\/wp-content\/uploads\/2019\/09\/Bauernofen-768x526.jpg 768w, https:\/\/a-anders.de\/wp-content\/uploads\/2019\/09\/Bauernofen.jpg 1490w\" sizes=\"(max-width: 767px) 89vw, (max-width: 1000px) 54vw, (max-width: 1071px) 543px, 580px\" \/><\/a><figcaption class=\"blocks-gallery-item__caption\">Bauernofen<\/figcaption><\/figure><\/li><\/ul><\/figure>\n\n\n\n<h2><\/h2>\n\n\n\n<p><strong>Anders Axel &amp; Andre Anders GbR<br>B\u00f6hmersweg 3<br>D-20148 Hamburg<\/strong><\/p>\n\n\n\n<p><strong>Tel.: (+49) 040\/ 44 43 67<br>Fax.: (+49) 040\/ 44 82 67<br>E-Mail: info@a-anders.de<\/strong><\/p>\n\n\n\n<p><\/p>\n\n\n\n<p><a href=\"https:\/\/a-anders.de\/?page_id=364\">Kontakt<\/a><\/p>\n","protected":false},"excerpt":{"rendered":"<p>Der Kachelofen &#8211; jung geblieben und heute so aktuell wie vor 500 Jahren Es hat viele gute Gr\u00fcnde, wenn heute immer mehr energiebewu\u00dfte Hausbesitzer den Wunsch nach einem wirtschaftlichen Kachelofen \u00e4u\u00dfern. Denn der Kachelofen ist die \u00e4lteste Form einer sparsamen Heizung f\u00fcr einen und sogar mehrere R\u00e4ume. Sein Prinzip ist seit Jahrhunderten bew\u00e4hrt und seine &hellip; <\/p>\n<p class=\"link-more\"><a href=\"https:\/\/a-anders.de\/?page_id=315\" class=\"more-link\"><span class=\"screen-reader-text\">\u201eKachel\u00f6fen und Grund\u00f6fen\u201c <\/span>weiterlesen<\/a><\/p>\n","protected":false},"author":1,"featured_media":325,"parent":0,"menu_order":0,"comment_status":"closed","ping_status":"closed","template":"","meta":[],"_links":{"self":[{"href":"https:\/\/a-anders.de\/index.php?rest_route=\/wp\/v2\/pages\/315"}],"collection":[{"href":"https:\/\/a-anders.de\/index.php?rest_route=\/wp\/v2\/pages"}],"about":[{"href":"https:\/\/a-anders.de\/index.php?rest_route=\/wp\/v2\/types\/page"}],"author":[{"embeddable":true,"href":"https:\/\/a-anders.de\/index.php?rest_route=\/wp\/v2\/users\/1"}],"replies":[{"embeddable":true,"href":"https:\/\/a-anders.de\/index.php?rest_route=%2Fwp%2Fv2%2Fcomments&post=315"}],"version-history":[{"count":8,"href":"https:\/\/a-anders.de\/index.php?rest_route=\/wp\/v2\/pages\/315\/revisions"}],"predecessor-version":[{"id":585,"href":"https:\/\/a-anders.de\/index.php?rest_route=\/wp\/v2\/pages\/315\/revisions\/585"}],"wp:featuredmedia":[{"embeddable":true,"href":"https:\/\/a-anders.de\/index.php?rest_route=\/wp\/v2\/media\/325"}],"wp:attachment":[{"href":"https:\/\/a-anders.de\/index.php?rest_route=%2Fwp%2Fv2%2Fmedia&parent=315"}],"curies":[{"name":"wp","href":"https:\/\/api.w.org\/{rel}","templated":true}]}}