{"id":341,"date":"2019-09-17T14:28:28","date_gmt":"2019-09-17T12:28:28","guid":{"rendered":"https:\/\/a-anders.de\/?page_id=341"},"modified":"2021-04-13T15:03:51","modified_gmt":"2021-04-13T13:03:51","slug":"e-heizung","status":"publish","type":"page","link":"https:\/\/a-anders.de\/?page_id=341","title":{"rendered":"E-Heizung, Kachelnachtspeicherheizung"},"content":{"rendered":"\n<h1>Ambiente und High Tech<\/h1>\n\n\n\n<figure class=\"wp-block-image size-large\"><img loading=\"lazy\" width=\"1024\" height=\"717\" src=\"https:\/\/a-anders.de\/wp-content\/uploads\/2019\/09\/Bauernofen-klein-1024x717.jpg\" alt=\"Bauernofen klein\" class=\"wp-image-461\" srcset=\"https:\/\/a-anders.de\/wp-content\/uploads\/2019\/09\/Bauernofen-klein-1024x717.jpg 1024w, https:\/\/a-anders.de\/wp-content\/uploads\/2019\/09\/Bauernofen-klein-300x210.jpg 300w, https:\/\/a-anders.de\/wp-content\/uploads\/2019\/09\/Bauernofen-klein-768x538.jpg 768w, https:\/\/a-anders.de\/wp-content\/uploads\/2019\/09\/Bauernofen-klein.jpg 1476w\" sizes=\"(max-width: 767px) 89vw, (max-width: 1000px) 54vw, (max-width: 1071px) 543px, 580px\" \/><figcaption>Bauernofen klein<\/figcaption><\/figure>\n\n\n\n<figure class=\"wp-block-gallery columns-3 is-cropped\"><ul class=\"blocks-gallery-grid\"><li class=\"blocks-gallery-item\"><figure><a href=\"https:\/\/a-anders.de\/wp-content\/uploads\/2019\/09\/Vietelkreis-8KW-690x1024.jpg\"><img loading=\"lazy\" width=\"690\" height=\"1024\" src=\"https:\/\/a-anders.de\/wp-content\/uploads\/2019\/09\/Vietelkreis-8KW-690x1024.jpg\" alt=\"\" data-id=\"459\" data-link=\"https:\/\/a-anders.de\/?attachment_id=459\" class=\"wp-image-459\" srcset=\"https:\/\/a-anders.de\/wp-content\/uploads\/2019\/09\/Vietelkreis-8KW-690x1024.jpg 690w, https:\/\/a-anders.de\/wp-content\/uploads\/2019\/09\/Vietelkreis-8KW-202x300.jpg 202w, https:\/\/a-anders.de\/wp-content\/uploads\/2019\/09\/Vietelkreis-8KW-768x1140.jpg 768w, https:\/\/a-anders.de\/wp-content\/uploads\/2019\/09\/Vietelkreis-8KW.jpg 1057w\" sizes=\"(max-width: 690px) 100vw, 690px\" \/><\/a><figcaption class=\"blocks-gallery-item__caption\">1\/4 Kreis Ofen<\/figcaption><\/figure><\/li><li class=\"blocks-gallery-item\"><figure><a href=\"https:\/\/a-anders.de\/wp-content\/uploads\/2019\/09\/Bankspeicher-1024x913.jpg\"><img loading=\"lazy\" width=\"1024\" height=\"913\" src=\"https:\/\/a-anders.de\/wp-content\/uploads\/2019\/09\/Bankspeicher-1024x913.jpg\" alt=\"\" data-id=\"460\" data-link=\"https:\/\/a-anders.de\/?attachment_id=460\" class=\"wp-image-460\" srcset=\"https:\/\/a-anders.de\/wp-content\/uploads\/2019\/09\/Bankspeicher-1024x913.jpg 1024w, https:\/\/a-anders.de\/wp-content\/uploads\/2019\/09\/Bankspeicher-300x267.jpg 300w, https:\/\/a-anders.de\/wp-content\/uploads\/2019\/09\/Bankspeicher-768x685.jpg 768w, https:\/\/a-anders.de\/wp-content\/uploads\/2019\/09\/Bankspeicher.jpg 1327w\" sizes=\"(max-width: 767px) 89vw, (max-width: 1000px) 54vw, (max-width: 1071px) 543px, 580px\" \/><\/a><figcaption class=\"blocks-gallery-item__caption\">Bankofen<\/figcaption><\/figure><\/li><li class=\"blocks-gallery-item\"><figure><a href=\"https:\/\/a-anders.de\/wp-content\/uploads\/2019\/09\/Vietelkreis-8KW-mit-WL-1-620x1024.jpg\"><img loading=\"lazy\" width=\"620\" height=\"1024\" src=\"https:\/\/a-anders.de\/wp-content\/uploads\/2019\/09\/Vietelkreis-8KW-mit-WL-1-620x1024.jpg\" alt=\"\" data-id=\"529\" data-link=\"https:\/\/a-anders.de\/?attachment_id=529\" class=\"wp-image-529\" srcset=\"https:\/\/a-anders.de\/wp-content\/uploads\/2019\/09\/Vietelkreis-8KW-mit-WL-1-620x1024.jpg 620w, https:\/\/a-anders.de\/wp-content\/uploads\/2019\/09\/Vietelkreis-8KW-mit-WL-1-182x300.jpg 182w, https:\/\/a-anders.de\/wp-content\/uploads\/2019\/09\/Vietelkreis-8KW-mit-WL-1-768x1269.jpg 768w, https:\/\/a-anders.de\/wp-content\/uploads\/2019\/09\/Vietelkreis-8KW-mit-WL-1.jpg 1029w\" sizes=\"(max-width: 620px) 100vw, 620px\" \/><\/a><figcaption class=\"blocks-gallery-item__caption\">1\/4 Kreis Ofen<\/figcaption><\/figure><\/li><\/ul><\/figure>\n\n\n\n<p>Was macht den Reiz gro\u00dfb\u00fcrgerlicher Wohnkultur aus? Die hohen R\u00e4ume? Der Stuck? Ganz sicher sind es auch die Kachel\u00f6fen, die h\u00e4ufig den R\u00e4umen erst ihr charaktenstisches Gepr\u00e4ge geben. Auf ein solches Schmuckst\u00fcck mu\u00df man auch in unserer Zeit nicht verzichten. Stilvolles Ambiente l\u00e4\u00dft sich heute sogar aufs beste mit moderner, energiesparender Heiztechnik verbinden. Wir bauen solche Heizungen. Ganz individuell nach Ihrem Geschmack. Darum sagen wir: Heizungen von&nbsp;<strong>Anders<\/strong>. Einfach anders. Unsere Kachel\u00f6fen enthalten in ihrem Kern W\u00e4rmespeichersteine, die nachts mit Strom zum g\u00fcnstigen Preis aufgeheizt werden. Sie speichern die W\u00e4rme so lange, bis sie gezielt abgerufen wird. Raumthermostate sorgen zusammen mit fl\u00fcsterleisen Ventilatoren daf\u00fcr, da\u00df stets nur so viel W\u00e4rme in den Raum gelangt, wie f\u00fcr die gradgenau eingestellte Wunschtemperatur notwendig ist. Eine Aufladeautomatik stellt sicher, da\u00df eine au\u00dfentemperaturabh\u00e4ngige Aufladung erfolgt und beim Nachladen die im Speicherkern vorhandene Rest- w\u00e4rme ber\u00fccksichtigt wird. Das ausgereifte Regelsystem spart wertvolle Energie und ist zudem sauber und bequem.<\/p>\n\n\n\n<p>e-WarmIuftspeicherheizung als Alternative. All diese Vorteile k\u00f6nnen Sie auch bei der e-Warmluftspeicherheizung nutzen, die sich in Einzel- und Reihenh\u00e4usern installieren l\u00e4\u00dft, \u00fcbrigens auch im Austausch gegen mit Kohle oder \u00d6l betriebene Anlagen. Bei diesem System str\u00f6mt Warmluft \u00fcber Wand- oder begehbare Fu\u00dfbodengitter in alle R\u00e4ume. Auf Wunsch wird diese Heizung mit Luftfilterung ausgestattet. Das garantiert ein besonders gesundes, angenehmes Raumklima.<\/p>\n\n\n\n<h1>ERFAHRUNG F\u00dcR IHRE HEIZUNG<\/h1>\n\n\n\n<figure class=\"wp-block-gallery columns-2 is-cropped\"><ul class=\"blocks-gallery-grid\"><li class=\"blocks-gallery-item\"><figure><a href=\"https:\/\/a-anders.de\/wp-content\/uploads\/2019\/09\/Schwedenofen-607x1024.jpg\"><img loading=\"lazy\" width=\"607\" height=\"1024\" src=\"https:\/\/a-anders.de\/wp-content\/uploads\/2019\/09\/Schwedenofen-607x1024.jpg\" alt=\"\" data-id=\"463\" data-link=\"https:\/\/a-anders.de\/?attachment_id=463\" class=\"wp-image-463\" srcset=\"https:\/\/a-anders.de\/wp-content\/uploads\/2019\/09\/Schwedenofen-607x1024.jpg 607w, https:\/\/a-anders.de\/wp-content\/uploads\/2019\/09\/Schwedenofen-178x300.jpg 178w, https:\/\/a-anders.de\/wp-content\/uploads\/2019\/09\/Schwedenofen-768x1297.jpg 768w, https:\/\/a-anders.de\/wp-content\/uploads\/2019\/09\/Schwedenofen.jpg 847w\" sizes=\"(max-width: 607px) 100vw, 607px\" \/><\/a><figcaption class=\"blocks-gallery-item__caption\">Schwedenofen<\/figcaption><\/figure><\/li><li class=\"blocks-gallery-item\"><figure><a href=\"https:\/\/a-anders.de\/wp-content\/uploads\/2019\/09\/Bauernofen-1024x701.jpg\"><img loading=\"lazy\" width=\"1024\" height=\"701\" src=\"https:\/\/a-anders.de\/wp-content\/uploads\/2019\/09\/Bauernofen-1024x701.jpg\" alt=\"\" data-id=\"462\" data-link=\"https:\/\/a-anders.de\/?attachment_id=462\" class=\"wp-image-462\" srcset=\"https:\/\/a-anders.de\/wp-content\/uploads\/2019\/09\/Bauernofen-1024x701.jpg 1024w, https:\/\/a-anders.de\/wp-content\/uploads\/2019\/09\/Bauernofen-300x205.jpg 300w, https:\/\/a-anders.de\/wp-content\/uploads\/2019\/09\/Bauernofen-768x526.jpg 768w, https:\/\/a-anders.de\/wp-content\/uploads\/2019\/09\/Bauernofen.jpg 1490w\" sizes=\"(max-width: 767px) 89vw, (max-width: 1000px) 54vw, (max-width: 1071px) 543px, 580px\" \/><\/a><figcaption class=\"blocks-gallery-item__caption\">Bauernofen<\/figcaption><\/figure><\/li><\/ul><\/figure>\n\n\n\n<p>Eine individuelle Heizung, die wirtschaftlich arbeiten soll, mu\u00df haargenau auf die jeweiligen Wohnverh\u00e4ltnisse zugeschnitten sein. Unser Baukastensystem bietet daf\u00fcr beste Voraussetzungen. Entscheidend f\u00fcr optimale L\u00f6sungen aber ist die Kompetenz in der Planung und Ausf\u00fchrung. Unsere langj\u00e4hrige Erfahrung als Meisterbetrieb spricht dabei f\u00fcr sich. Von der exakten W\u00e4rmebedarfsrechnung \u00fcber die genau abgestimmte Dimensionierung der Heizung bis zur ma\u00dfgeschneiderten Gestaltung &#8211; wir bieten alles aus einer Hand. Soll Ihr Kachelofen an der Wand, in der Ecke oder in einer Fensternische stehen? Soll er vielleicht als Raumteiler dienen? Wir k\u00f6nnen Ihnen viele Beispiele von bereits realisierten L\u00f6sungen zeigen, damit Sie leichter entscheiden k\u00f6nnen. Ob mit wertvollen Kacheln, luxuri\u00f6sem Marmor oder rustikalen Handstrichziegeln, die handwerklich gediegene Ausf\u00fchrung unserer Heizungen l\u00e4\u00dft Ihrem guten Geschmack alle Entfaltungsm\u00f6glichkeiten. lndviduelle Gestaltung wird bei uns gro\u00df geschrieben. Wir liefern und installieren aber auch e-Heizungen aus der industriellen Serienproduktion. Zum Beispiel die superschmalen Ger\u00e4te der neuesten Generation, die sich im Schlaf-, Kinder- oder Arbeitszimmer hervorragend in die Raumgestaltung integrieren lassen. So erhalten Sie in jedem Fall eine g\u00fcnstige Komplett-L\u00f6sung.<\/p>\n\n\n\n<h2><\/h2>\n\n\n\n<p><strong>Anders Axel &amp; Andre Anders GbR<br>B\u00f6hmersweg 3<br>D-20148 Hamburg<\/strong><\/p>\n\n\n\n<p><strong>Tel.: (+49) 040\/ 44 43 67<br>Fax.: (+49) 040\/ 44 82 67<br>E-Mail: info@a-anders.de<\/strong><\/p>\n\n\n\n<p><\/p>\n\n\n\n<p><a href=\"https:\/\/a-anders.de\/?page_id=364\">Kontakt<\/a><\/p>\n","protected":false},"excerpt":{"rendered":"<p>Ambiente und High Tech Was macht den Reiz gro\u00dfb\u00fcrgerlicher Wohnkultur aus? Die hohen R\u00e4ume? Der Stuck? Ganz sicher sind es auch die Kachel\u00f6fen, die h\u00e4ufig den R\u00e4umen erst ihr charaktenstisches Gepr\u00e4ge geben. Auf ein solches Schmuckst\u00fcck mu\u00df man auch in unserer Zeit nicht verzichten. Stilvolles Ambiente l\u00e4\u00dft sich heute sogar aufs beste mit moderner, energiesparender &hellip; <\/p>\n<p class=\"link-more\"><a href=\"https:\/\/a-anders.de\/?page_id=341\" class=\"more-link\"><span class=\"screen-reader-text\">\u201eE-Heizung, Kachelnachtspeicherheizung\u201c <\/span>weiterlesen<\/a><\/p>\n","protected":false},"author":1,"featured_media":0,"parent":0,"menu_order":0,"comment_status":"closed","ping_status":"closed","template":"","meta":[],"_links":{"self":[{"href":"https:\/\/a-anders.de\/index.php?rest_route=\/wp\/v2\/pages\/341"}],"collection":[{"href":"https:\/\/a-anders.de\/index.php?rest_route=\/wp\/v2\/pages"}],"about":[{"href":"https:\/\/a-anders.de\/index.php?rest_route=\/wp\/v2\/types\/page"}],"author":[{"embeddable":true,"href":"https:\/\/a-anders.de\/index.php?rest_route=\/wp\/v2\/users\/1"}],"replies":[{"embeddable":true,"href":"https:\/\/a-anders.de\/index.php?rest_route=%2Fwp%2Fv2%2Fcomments&post=341"}],"version-history":[{"count":9,"href":"https:\/\/a-anders.de\/index.php?rest_route=\/wp\/v2\/pages\/341\/revisions"}],"predecessor-version":[{"id":584,"href":"https:\/\/a-anders.de\/index.php?rest_route=\/wp\/v2\/pages\/341\/revisions\/584"}],"wp:attachment":[{"href":"https:\/\/a-anders.de\/index.php?rest_route=%2Fwp%2Fv2%2Fmedia&parent=341"}],"curies":[{"name":"wp","href":"https:\/\/api.w.org\/{rel}","templated":true}]}}